{"id":10,"date":"2013-02-15T15:26:35","date_gmt":"2013-02-15T13:26:35","guid":{"rendered":"http:\/\/www.natursteine-kauf.de\/?page_id=10"},"modified":"2013-02-16T15:55:39","modified_gmt":"2013-02-16T13:55:39","slug":"wir-uber-uns","status":"publish","type":"page","link":"https:\/\/www.natursteine-kauf.de\/?page_id=10","title":{"rendered":"Firmengeschichte"},"content":{"rendered":"<p>&nbsp;<\/p>\r\n<table border=\"0\" align=\"left\">\r\n<tbody>\r\n<tr>\r\n<td><a href=\"http:\/\/www.natursteine-kauf.de\/wp-content\/uploads\/2013\/02\/Groeditz.gif\"><img loading=\"lazy\" decoding=\"async\" class=\"alignnone  wp-image-70\" alt=\"Groeditz\" src=\"http:\/\/www.natursteine-kauf.de\/wp-content\/uploads\/2013\/02\/Groeditz.gif\" width=\"340\" height=\"207\" \/><\/a><\/td>\r\n<td>\r\n<ul>\r\n<li>Betriebsgr\u00fcndung 13.3.1931 in Gr\u00f6ditz, Sudetenland, von Moritz Kauf<\/li>\r\n<li>Am Foto in Bildmitte: Moritz Kauf mit Sohn Willi samt Mitarbeitern\u00a0<\/li>\r\n<\/ul>\r\n<\/td>\r\n<\/tr>\r\n<tr>\r\n<td>\r\n<ul>\r\n<li>1948: Neuaufbau sofort nach der Vertreibung in K\u00f6sching, Bahnhofstrasse<\/li>\r\n<li>1951: \u00dcbernahme von Sohn Willi Kauf<\/li>\r\n<\/ul>\r\n<\/td>\r\n<td><a href=\"http:\/\/www.natursteine-kauf.de\/wp-content\/uploads\/2013\/02\/Bahnhofstr1.gif\"><img loading=\"lazy\" decoding=\"async\" class=\"alignnone  wp-image-68\" alt=\"Bahnhofstr1\" src=\"http:\/\/www.natursteine-kauf.de\/wp-content\/uploads\/2013\/02\/Bahnhofstr1.gif\" width=\"340\" height=\"239\" \/><\/a><\/td>\r\n<\/tr>\r\n<tr>\r\n<td><a href=\"http:\/\/www.natursteine-kauf.de\/wp-content\/uploads\/2013\/02\/Bahnhofstr2.gif\"><img loading=\"lazy\" decoding=\"async\" class=\"alignnone  wp-image-69\" alt=\"Bahnhofstr2\" src=\"http:\/\/www.natursteine-kauf.de\/wp-content\/uploads\/2013\/02\/Bahnhofstr2.gif\" width=\"340\" height=\"227\" \/><\/a><\/td>\r\n<td>\r\n<ul>\r\n<li>1980: \u00dcbernahme von Sohn Willi Kauf jun.\u00a0<\/li>\r\n<\/ul>\r\n<\/td>\r\n<\/tr>\r\n<tr>\r\n<td>\r\n<ul>\r\n<li>1992: Betriebsverlagerung aus Platzgr\u00fcnden nach Lenting\u00a0<\/li>\r\n<\/ul>\r\n<\/td>\r\n<td>\u00a0<a href=\"http:\/\/www.natursteine-kauf.de\/wp-content\/uploads\/2013\/02\/Firmenansicht3.gif\"><img loading=\"lazy\" decoding=\"async\" class=\"alignnone  wp-image-83\" alt=\"Firmenansicht3\" src=\"http:\/\/www.natursteine-kauf.de\/wp-content\/uploads\/2013\/02\/Firmenansicht3.gif\" width=\"340\" height=\"213\" \/><\/a><\/td>\r\n<\/tr>\r\n<\/tbody>\r\n<\/table>\r\n<p>&nbsp;<\/p>\r\n<p>&nbsp;<\/p>\r\n<p>&nbsp;<\/p>","protected":false},"excerpt":{"rendered":"<p>&nbsp; Betriebsgr\u00fcndung 13.3.1931 in Gr\u00f6ditz, Sudetenland, von Moritz Kauf Am Foto in Bildmitte: Moritz Kauf mit Sohn Willi samt Mitarbeitern\u00a0 1948: Neuaufbau sofort nach der Vertreibung in K\u00f6sching, Bahnhofstrasse 1951: \u00dcbernahme von Sohn Willi Kauf 1980: \u00dcbernahme von Sohn Willi Kauf jun.\u00a0 1992: Betriebsverlagerung aus Platzgr\u00fcnden nach Lenting\u00a0 \u00a0 &nbsp; &nbsp; &nbsp;<\/p>\n","protected":false},"author":1,"featured_media":0,"parent":0,"menu_order":0,"comment_status":"closed","ping_status":"open","template":"","meta":{"footnotes":""},"class_list":["post-10","page","type-page","status-publish","hentry"],"yoast_head":"<!-- This site is optimized with the Yoast SEO plugin v27.3 - https:\/\/yoast.com\/product\/yoast-seo-wordpress\/ -->\n<title>Firmengeschichte - Natursteine Willi Kauf<\/title>\n<meta name=\"robots\" content=\"index, follow, max-snippet:-1, max-image-preview:large, max-video-preview:-1\" \/>\n<link rel=\"canonical\" href=\"https:\/\/www.natursteine-kauf.de\/?page_id=10\" \/>\n<meta property=\"og:locale\" content=\"de_DE\" \/>\n<meta property=\"og:type\" content=\"article\" \/>\n<meta property=\"og:title\" content=\"Firmengeschichte - Natursteine Willi Kauf\" \/>\n<meta property=\"og:description\" content=\"&nbsp; Betriebsgr\u00fcndung 13.3.1931 in Gr\u00f6ditz, Sudetenland, von Moritz Kauf Am Foto in Bildmitte: Moritz Kauf mit Sohn Willi samt Mitarbeitern\u00a0 1948: Neuaufbau sofort nach der Vertreibung in K\u00f6sching, Bahnhofstrasse 1951: \u00dcbernahme von Sohn Willi Kauf 1980: \u00dcbernahme von Sohn Willi Kauf jun.\u00a0 1992: Betriebsverlagerung aus Platzgr\u00fcnden nach Lenting\u00a0 \u00a0 &nbsp; &nbsp; &nbsp;\" \/>\n<meta property=\"og:url\" content=\"https:\/\/www.natursteine-kauf.de\/?page_id=10\" \/>\n<meta property=\"og:site_name\" content=\"Natursteine Willi Kauf\" \/>\n<meta property=\"article:modified_time\" content=\"2013-02-16T13:55:39+00:00\" \/>\n<meta property=\"og:image\" content=\"http:\/\/www.natursteine-kauf.de\/wp-content\/uploads\/2013\/02\/Groeditz.gif\" \/>\n<meta name=\"twitter:card\" content=\"summary_large_image\" \/>\n<script type=\"application\/ld+json\" class=\"yoast-schema-graph\">{\"@context\":\"https:\\\/\\\/schema.org\",\"@graph\":[{\"@type\":\"WebPage\",\"@id\":\"https:\\\/\\\/www.natursteine-kauf.de\\\/?page_id=10\",\"url\":\"https:\\\/\\\/www.natursteine-kauf.de\\\/?page_id=10\",\"name\":\"Firmengeschichte - Natursteine Willi Kauf\",\"isPartOf\":{\"@id\":\"https:\\\/\\\/www.natursteine-kauf.de\\\/#website\"},\"primaryImageOfPage\":{\"@id\":\"https:\\\/\\\/www.natursteine-kauf.de\\\/?page_id=10#primaryimage\"},\"image\":{\"@id\":\"https:\\\/\\\/www.natursteine-kauf.de\\\/?page_id=10#primaryimage\"},\"thumbnailUrl\":\"http:\\\/\\\/www.natursteine-kauf.de\\\/wp-content\\\/uploads\\\/2013\\\/02\\\/Groeditz.gif\",\"datePublished\":\"2013-02-15T13:26:35+00:00\",\"dateModified\":\"2013-02-16T13:55:39+00:00\",\"breadcrumb\":{\"@id\":\"https:\\\/\\\/www.natursteine-kauf.de\\\/?page_id=10#breadcrumb\"},\"inLanguage\":\"de\",\"potentialAction\":[{\"@type\":\"ReadAction\",\"target\":[\"https:\\\/\\\/www.natursteine-kauf.de\\\/?page_id=10\"]}]},{\"@type\":\"ImageObject\",\"inLanguage\":\"de\",\"@id\":\"https:\\\/\\\/www.natursteine-kauf.de\\\/?page_id=10#primaryimage\",\"url\":\"https:\\\/\\\/www.natursteine-kauf.de\\\/wp-content\\\/uploads\\\/2013\\\/02\\\/Groeditz.gif\",\"contentUrl\":\"https:\\\/\\\/www.natursteine-kauf.de\\\/wp-content\\\/uploads\\\/2013\\\/02\\\/Groeditz.gif\",\"width\":800,\"height\":486},{\"@type\":\"BreadcrumbList\",\"@id\":\"https:\\\/\\\/www.natursteine-kauf.de\\\/?page_id=10#breadcrumb\",\"itemListElement\":[{\"@type\":\"ListItem\",\"position\":1,\"name\":\"Startseite\",\"item\":\"https:\\\/\\\/www.natursteine-kauf.de\\\/\"},{\"@type\":\"ListItem\",\"position\":2,\"name\":\"Firmengeschichte\"}]},{\"@type\":\"WebSite\",\"@id\":\"https:\\\/\\\/www.natursteine-kauf.de\\\/#website\",\"url\":\"https:\\\/\\\/www.natursteine-kauf.de\\\/\",\"name\":\"Natursteine Willi Kauf\",\"description\":\"\",\"publisher\":{\"@id\":\"https:\\\/\\\/www.natursteine-kauf.de\\\/#organization\"},\"potentialAction\":[{\"@type\":\"SearchAction\",\"target\":{\"@type\":\"EntryPoint\",\"urlTemplate\":\"https:\\\/\\\/www.natursteine-kauf.de\\\/?s={search_term_string}\"},\"query-input\":{\"@type\":\"PropertyValueSpecification\",\"valueRequired\":true,\"valueName\":\"search_term_string\"}}],\"inLanguage\":\"de\"},{\"@type\":\"Organization\",\"@id\":\"https:\\\/\\\/www.natursteine-kauf.de\\\/#organization\",\"name\":\"Willi Kauf GmbH\",\"url\":\"https:\\\/\\\/www.natursteine-kauf.de\\\/\",\"logo\":{\"@type\":\"ImageObject\",\"inLanguage\":\"de\",\"@id\":\"https:\\\/\\\/www.natursteine-kauf.de\\\/#\\\/schema\\\/logo\\\/image\\\/\",\"url\":\"https:\\\/\\\/www.natursteine-kauf.de\\\/wp-content\\\/uploads\\\/2020\\\/11\\\/Kauf-Logo2.png\",\"contentUrl\":\"https:\\\/\\\/www.natursteine-kauf.de\\\/wp-content\\\/uploads\\\/2020\\\/11\\\/Kauf-Logo2.png\",\"width\":329,\"height\":108,\"caption\":\"Willi Kauf GmbH\"},\"image\":{\"@id\":\"https:\\\/\\\/www.natursteine-kauf.de\\\/#\\\/schema\\\/logo\\\/image\\\/\"}}]}<\/script>\n<!-- \/ Yoast SEO plugin. -->","yoast_head_json":{"title":"Firmengeschichte - Natursteine Willi Kauf","robots":{"index":"index","follow":"follow","max-snippet":"max-snippet:-1","max-image-preview":"max-image-preview:large","max-video-preview":"max-video-preview:-1"},"canonical":"https:\/\/www.natursteine-kauf.de\/?page_id=10","og_locale":"de_DE","og_type":"article","og_title":"Firmengeschichte - Natursteine Willi Kauf","og_description":"&nbsp; Betriebsgr\u00fcndung 13.3.1931 in Gr\u00f6ditz, Sudetenland, von Moritz Kauf Am Foto in Bildmitte: Moritz Kauf mit Sohn Willi samt Mitarbeitern\u00a0 1948: Neuaufbau sofort nach der Vertreibung in K\u00f6sching, Bahnhofstrasse 1951: \u00dcbernahme von Sohn Willi Kauf 1980: \u00dcbernahme von Sohn Willi Kauf jun.\u00a0 1992: Betriebsverlagerung aus Platzgr\u00fcnden nach Lenting\u00a0 \u00a0 &nbsp; &nbsp; &nbsp;","og_url":"https:\/\/www.natursteine-kauf.de\/?page_id=10","og_site_name":"Natursteine Willi Kauf","article_modified_time":"2013-02-16T13:55:39+00:00","og_image":[{"url":"http:\/\/www.natursteine-kauf.de\/wp-content\/uploads\/2013\/02\/Groeditz.gif","type":"","width":"","height":""}],"twitter_card":"summary_large_image","schema":{"@context":"https:\/\/schema.org","@graph":[{"@type":"WebPage","@id":"https:\/\/www.natursteine-kauf.de\/?page_id=10","url":"https:\/\/www.natursteine-kauf.de\/?page_id=10","name":"Firmengeschichte - Natursteine Willi Kauf","isPartOf":{"@id":"https:\/\/www.natursteine-kauf.de\/#website"},"primaryImageOfPage":{"@id":"https:\/\/www.natursteine-kauf.de\/?page_id=10#primaryimage"},"image":{"@id":"https:\/\/www.natursteine-kauf.de\/?page_id=10#primaryimage"},"thumbnailUrl":"http:\/\/www.natursteine-kauf.de\/wp-content\/uploads\/2013\/02\/Groeditz.gif","datePublished":"2013-02-15T13:26:35+00:00","dateModified":"2013-02-16T13:55:39+00:00","breadcrumb":{"@id":"https:\/\/www.natursteine-kauf.de\/?page_id=10#breadcrumb"},"inLanguage":"de","potentialAction":[{"@type":"ReadAction","target":["https:\/\/www.natursteine-kauf.de\/?page_id=10"]}]},{"@type":"ImageObject","inLanguage":"de","@id":"https:\/\/www.natursteine-kauf.de\/?page_id=10#primaryimage","url":"https:\/\/www.natursteine-kauf.de\/wp-content\/uploads\/2013\/02\/Groeditz.gif","contentUrl":"https:\/\/www.natursteine-kauf.de\/wp-content\/uploads\/2013\/02\/Groeditz.gif","width":800,"height":486},{"@type":"BreadcrumbList","@id":"https:\/\/www.natursteine-kauf.de\/?page_id=10#breadcrumb","itemListElement":[{"@type":"ListItem","position":1,"name":"Startseite","item":"https:\/\/www.natursteine-kauf.de\/"},{"@type":"ListItem","position":2,"name":"Firmengeschichte"}]},{"@type":"WebSite","@id":"https:\/\/www.natursteine-kauf.de\/#website","url":"https:\/\/www.natursteine-kauf.de\/","name":"Natursteine Willi Kauf","description":"","publisher":{"@id":"https:\/\/www.natursteine-kauf.de\/#organization"},"potentialAction":[{"@type":"SearchAction","target":{"@type":"EntryPoint","urlTemplate":"https:\/\/www.natursteine-kauf.de\/?s={search_term_string}"},"query-input":{"@type":"PropertyValueSpecification","valueRequired":true,"valueName":"search_term_string"}}],"inLanguage":"de"},{"@type":"Organization","@id":"https:\/\/www.natursteine-kauf.de\/#organization","name":"Willi Kauf GmbH","url":"https:\/\/www.natursteine-kauf.de\/","logo":{"@type":"ImageObject","inLanguage":"de","@id":"https:\/\/www.natursteine-kauf.de\/#\/schema\/logo\/image\/","url":"https:\/\/www.natursteine-kauf.de\/wp-content\/uploads\/2020\/11\/Kauf-Logo2.png","contentUrl":"https:\/\/www.natursteine-kauf.de\/wp-content\/uploads\/2020\/11\/Kauf-Logo2.png","width":329,"height":108,"caption":"Willi Kauf GmbH"},"image":{"@id":"https:\/\/www.natursteine-kauf.de\/#\/schema\/logo\/image\/"}}]}},"_links":{"self":[{"href":"https:\/\/www.natursteine-kauf.de\/index.php?rest_route=\/wp\/v2\/pages\/10","targetHints":{"allow":["GET"]}}],"collection":[{"href":"https:\/\/www.natursteine-kauf.de\/index.php?rest_route=\/wp\/v2\/pages"}],"about":[{"href":"https:\/\/www.natursteine-kauf.de\/index.php?rest_route=\/wp\/v2\/types\/page"}],"author":[{"embeddable":true,"href":"https:\/\/www.natursteine-kauf.de\/index.php?rest_route=\/wp\/v2\/users\/1"}],"replies":[{"embeddable":true,"href":"https:\/\/www.natursteine-kauf.de\/index.php?rest_route=%2Fwp%2Fv2%2Fcomments&post=10"}],"version-history":[{"count":15,"href":"https:\/\/www.natursteine-kauf.de\/index.php?rest_route=\/wp\/v2\/pages\/10\/revisions"}],"predecessor-version":[{"id":85,"href":"https:\/\/www.natursteine-kauf.de\/index.php?rest_route=\/wp\/v2\/pages\/10\/revisions\/85"}],"wp:attachment":[{"href":"https:\/\/www.natursteine-kauf.de\/index.php?rest_route=%2Fwp%2Fv2%2Fmedia&parent=10"}],"curies":[{"name":"wp","href":"https:\/\/api.w.org\/{rel}","templated":true}]}}