{"id":18,"date":"2013-02-15T15:28:36","date_gmt":"2013-02-15T13:28:36","guid":{"rendered":"http:\/\/www.natursteine-kauf.de\/?page_id=18"},"modified":"2013-02-16T18:28:41","modified_gmt":"2013-02-16T16:28:41","slug":"grabmale","status":"publish","type":"page","link":"https:\/\/www.natursteine-kauf.de\/?page_id=18","title":{"rendered":"Grabmale"},"content":{"rendered":"<p>Gerne laden wir Sie ein, sich auf unserem gro\u00dfen Ausstellungsgel\u00e4nde umzusehen.<\/p>\r\n<p>Wir bieten Ihnen eine pers\u00f6nliche und individuelle Beratung rund um das Thema Grabstein.<\/p>\r\n<p>In diesen Galerien finden Sie einen Auszug der vielf\u00e4ltigen Gestaltungsm\u00f6glichkeiten von:<\/p>\r\n<ul>\r\n<li><a title=\"Reihensteine\" href=\"http:\/\/www.natursteine-kauf.de\/?page_id=94\"><span style=\"line-height: 13px;\">Reihensteinen<\/span><\/a><\/li>\r\n<li><a title=\"Familiensteine\" href=\"http:\/\/www.natursteine-kauf.de\/?page_id=96\">Familiensteinen<\/a><\/li>\r\n<li><a title=\"Urnensteine\" href=\"http:\/\/www.natursteine-kauf.de\/?page_id=98\">Urnensteinen<\/a><\/li>\r\n<li><a title=\"Zubeh\u00f6r\" href=\"http:\/\/www.natursteine-kauf.de\/?page_id=60\">Zubeh\u00f6r<\/a><\/li>\r\n<\/ul>\r\n<p>&nbsp;<\/p>","protected":false},"excerpt":{"rendered":"<p>Gerne laden wir Sie ein, sich auf unserem gro\u00dfen Ausstellungsgel\u00e4nde umzusehen. Wir bieten Ihnen eine pers\u00f6nliche und individuelle Beratung rund um das Thema Grabstein. In diesen Galerien finden Sie einen Auszug der vielf\u00e4ltigen Gestaltungsm\u00f6glichkeiten von: Reihensteinen Familiensteinen Urnensteinen Zubeh\u00f6r &nbsp;<\/p>\n","protected":false},"author":1,"featured_media":0,"parent":0,"menu_order":0,"comment_status":"closed","ping_status":"open","template":"","meta":{"footnotes":""},"class_list":["post-18","page","type-page","status-publish","hentry"],"yoast_head":"<!-- This site is optimized with the Yoast SEO plugin v27.3 - https:\/\/yoast.com\/product\/yoast-seo-wordpress\/ -->\n<title>Grabmale - Natursteine Willi Kauf<\/title>\n<meta name=\"robots\" content=\"index, follow, max-snippet:-1, max-image-preview:large, max-video-preview:-1\" \/>\n<link rel=\"canonical\" href=\"https:\/\/www.natursteine-kauf.de\/?page_id=18\" \/>\n<meta property=\"og:locale\" content=\"de_DE\" \/>\n<meta property=\"og:type\" content=\"article\" \/>\n<meta property=\"og:title\" content=\"Grabmale - Natursteine Willi Kauf\" \/>\n<meta property=\"og:description\" content=\"Gerne laden wir Sie ein, sich auf unserem gro\u00dfen Ausstellungsgel\u00e4nde umzusehen. Wir bieten Ihnen eine pers\u00f6nliche und individuelle Beratung rund um das Thema Grabstein. In diesen Galerien finden Sie einen Auszug der vielf\u00e4ltigen Gestaltungsm\u00f6glichkeiten von: Reihensteinen Familiensteinen Urnensteinen Zubeh\u00f6r &nbsp;\" \/>\n<meta property=\"og:url\" content=\"https:\/\/www.natursteine-kauf.de\/?page_id=18\" \/>\n<meta property=\"og:site_name\" content=\"Natursteine Willi Kauf\" \/>\n<meta property=\"article:modified_time\" content=\"2013-02-16T16:28:41+00:00\" \/>\n<meta name=\"twitter:card\" content=\"summary_large_image\" \/>\n<script type=\"application\/ld+json\" class=\"yoast-schema-graph\">{\"@context\":\"https:\\\/\\\/schema.org\",\"@graph\":[{\"@type\":\"WebPage\",\"@id\":\"https:\\\/\\\/www.natursteine-kauf.de\\\/?page_id=18\",\"url\":\"https:\\\/\\\/www.natursteine-kauf.de\\\/?page_id=18\",\"name\":\"Grabmale - Natursteine Willi Kauf\",\"isPartOf\":{\"@id\":\"https:\\\/\\\/www.natursteine-kauf.de\\\/#website\"},\"datePublished\":\"2013-02-15T13:28:36+00:00\",\"dateModified\":\"2013-02-16T16:28:41+00:00\",\"breadcrumb\":{\"@id\":\"https:\\\/\\\/www.natursteine-kauf.de\\\/?page_id=18#breadcrumb\"},\"inLanguage\":\"de\",\"potentialAction\":[{\"@type\":\"ReadAction\",\"target\":[\"https:\\\/\\\/www.natursteine-kauf.de\\\/?page_id=18\"]}]},{\"@type\":\"BreadcrumbList\",\"@id\":\"https:\\\/\\\/www.natursteine-kauf.de\\\/?page_id=18#breadcrumb\",\"itemListElement\":[{\"@type\":\"ListItem\",\"position\":1,\"name\":\"Startseite\",\"item\":\"https:\\\/\\\/www.natursteine-kauf.de\\\/\"},{\"@type\":\"ListItem\",\"position\":2,\"name\":\"Grabmale\"}]},{\"@type\":\"WebSite\",\"@id\":\"https:\\\/\\\/www.natursteine-kauf.de\\\/#website\",\"url\":\"https:\\\/\\\/www.natursteine-kauf.de\\\/\",\"name\":\"Natursteine Willi Kauf\",\"description\":\"\",\"publisher\":{\"@id\":\"https:\\\/\\\/www.natursteine-kauf.de\\\/#organization\"},\"potentialAction\":[{\"@type\":\"SearchAction\",\"target\":{\"@type\":\"EntryPoint\",\"urlTemplate\":\"https:\\\/\\\/www.natursteine-kauf.de\\\/?s={search_term_string}\"},\"query-input\":{\"@type\":\"PropertyValueSpecification\",\"valueRequired\":true,\"valueName\":\"search_term_string\"}}],\"inLanguage\":\"de\"},{\"@type\":\"Organization\",\"@id\":\"https:\\\/\\\/www.natursteine-kauf.de\\\/#organization\",\"name\":\"Willi Kauf GmbH\",\"url\":\"https:\\\/\\\/www.natursteine-kauf.de\\\/\",\"logo\":{\"@type\":\"ImageObject\",\"inLanguage\":\"de\",\"@id\":\"https:\\\/\\\/www.natursteine-kauf.de\\\/#\\\/schema\\\/logo\\\/image\\\/\",\"url\":\"https:\\\/\\\/www.natursteine-kauf.de\\\/wp-content\\\/uploads\\\/2020\\\/11\\\/Kauf-Logo2.png\",\"contentUrl\":\"https:\\\/\\\/www.natursteine-kauf.de\\\/wp-content\\\/uploads\\\/2020\\\/11\\\/Kauf-Logo2.png\",\"width\":329,\"height\":108,\"caption\":\"Willi Kauf GmbH\"},\"image\":{\"@id\":\"https:\\\/\\\/www.natursteine-kauf.de\\\/#\\\/schema\\\/logo\\\/image\\\/\"}}]}<\/script>\n<!-- \/ Yoast SEO plugin. -->","yoast_head_json":{"title":"Grabmale - Natursteine Willi Kauf","robots":{"index":"index","follow":"follow","max-snippet":"max-snippet:-1","max-image-preview":"max-image-preview:large","max-video-preview":"max-video-preview:-1"},"canonical":"https:\/\/www.natursteine-kauf.de\/?page_id=18","og_locale":"de_DE","og_type":"article","og_title":"Grabmale - Natursteine Willi Kauf","og_description":"Gerne laden wir Sie ein, sich auf unserem gro\u00dfen Ausstellungsgel\u00e4nde umzusehen. Wir bieten Ihnen eine pers\u00f6nliche und individuelle Beratung rund um das Thema Grabstein. In diesen Galerien finden Sie einen Auszug der vielf\u00e4ltigen Gestaltungsm\u00f6glichkeiten von: Reihensteinen Familiensteinen Urnensteinen Zubeh\u00f6r &nbsp;","og_url":"https:\/\/www.natursteine-kauf.de\/?page_id=18","og_site_name":"Natursteine Willi Kauf","article_modified_time":"2013-02-16T16:28:41+00:00","twitter_card":"summary_large_image","schema":{"@context":"https:\/\/schema.org","@graph":[{"@type":"WebPage","@id":"https:\/\/www.natursteine-kauf.de\/?page_id=18","url":"https:\/\/www.natursteine-kauf.de\/?page_id=18","name":"Grabmale - Natursteine Willi Kauf","isPartOf":{"@id":"https:\/\/www.natursteine-kauf.de\/#website"},"datePublished":"2013-02-15T13:28:36+00:00","dateModified":"2013-02-16T16:28:41+00:00","breadcrumb":{"@id":"https:\/\/www.natursteine-kauf.de\/?page_id=18#breadcrumb"},"inLanguage":"de","potentialAction":[{"@type":"ReadAction","target":["https:\/\/www.natursteine-kauf.de\/?page_id=18"]}]},{"@type":"BreadcrumbList","@id":"https:\/\/www.natursteine-kauf.de\/?page_id=18#breadcrumb","itemListElement":[{"@type":"ListItem","position":1,"name":"Startseite","item":"https:\/\/www.natursteine-kauf.de\/"},{"@type":"ListItem","position":2,"name":"Grabmale"}]},{"@type":"WebSite","@id":"https:\/\/www.natursteine-kauf.de\/#website","url":"https:\/\/www.natursteine-kauf.de\/","name":"Natursteine Willi Kauf","description":"","publisher":{"@id":"https:\/\/www.natursteine-kauf.de\/#organization"},"potentialAction":[{"@type":"SearchAction","target":{"@type":"EntryPoint","urlTemplate":"https:\/\/www.natursteine-kauf.de\/?s={search_term_string}"},"query-input":{"@type":"PropertyValueSpecification","valueRequired":true,"valueName":"search_term_string"}}],"inLanguage":"de"},{"@type":"Organization","@id":"https:\/\/www.natursteine-kauf.de\/#organization","name":"Willi Kauf GmbH","url":"https:\/\/www.natursteine-kauf.de\/","logo":{"@type":"ImageObject","inLanguage":"de","@id":"https:\/\/www.natursteine-kauf.de\/#\/schema\/logo\/image\/","url":"https:\/\/www.natursteine-kauf.de\/wp-content\/uploads\/2020\/11\/Kauf-Logo2.png","contentUrl":"https:\/\/www.natursteine-kauf.de\/wp-content\/uploads\/2020\/11\/Kauf-Logo2.png","width":329,"height":108,"caption":"Willi Kauf GmbH"},"image":{"@id":"https:\/\/www.natursteine-kauf.de\/#\/schema\/logo\/image\/"}}]}},"_links":{"self":[{"href":"https:\/\/www.natursteine-kauf.de\/index.php?rest_route=\/wp\/v2\/pages\/18","targetHints":{"allow":["GET"]}}],"collection":[{"href":"https:\/\/www.natursteine-kauf.de\/index.php?rest_route=\/wp\/v2\/pages"}],"about":[{"href":"https:\/\/www.natursteine-kauf.de\/index.php?rest_route=\/wp\/v2\/types\/page"}],"author":[{"embeddable":true,"href":"https:\/\/www.natursteine-kauf.de\/index.php?rest_route=\/wp\/v2\/users\/1"}],"replies":[{"embeddable":true,"href":"https:\/\/www.natursteine-kauf.de\/index.php?rest_route=%2Fwp%2Fv2%2Fcomments&post=18"}],"version-history":[{"count":8,"href":"https:\/\/www.natursteine-kauf.de\/index.php?rest_route=\/wp\/v2\/pages\/18\/revisions"}],"predecessor-version":[{"id":91,"href":"https:\/\/www.natursteine-kauf.de\/index.php?rest_route=\/wp\/v2\/pages\/18\/revisions\/91"}],"wp:attachment":[{"href":"https:\/\/www.natursteine-kauf.de\/index.php?rest_route=%2Fwp%2Fv2%2Fmedia&parent=18"}],"curies":[{"name":"wp","href":"https:\/\/api.w.org\/{rel}","templated":true}]}}